{"id":581,"date":"2018-04-21T08:09:54","date_gmt":"2018-04-21T08:09:54","guid":{"rendered":"https:\/\/optimathemes.com\/savona-free\/demo\/?page_id=8"},"modified":"2018-04-21T08:09:54","modified_gmt":"2018-04-21T08:09:54","slug":"about","status":"publish","type":"page","link":"https:\/\/emlakfotografcisi.com\/?page_id=581","title":{"rendered":"About"},"content":{"rendered":"<p><img loading=\"lazy\" decoding=\"async\" class=\"alignleft size-medium wp-image-96\" src=\"https:\/\/emlakfotografcisi.com\/wp-content\/uploads\/2018\/04\/notepad-3316266_1920-1-300x212.jpg\" alt=\"\" width=\"300\" height=\"212\" \/>Lorem ipsum dolor sit amet, consectetur adipiscing elit. In sagittis mi quam, sit amet porttitor ex blandit quis. Cras eu accumsan diam, nec efficitur nibh. Proin non arcu iaculis, imperdiet est id, auctor nulla. Maecenas consectetur id ligula vel ornare.<\/p>\n<p>Vivamus eleifend lacus et justo dapibus placerat. Nam efficitur hendrerit nibh, ac blandit turpis tristique quis. Nam at dignissim eros. Nullam suscipit sem ac lacus sagittis fringilla. Nulla varius scelerisque ante sed sagittis. Vivamus at nibh sit amet mi placerat porttitor. Curabitur vel nibh vitae erat tincidunt viverra. Maecenas non pellentesque turpis, quis volutpat est. Curabitur nunc mi, rhoncus sit amet iaculis et, volutpat quis ipsum. Ut fringilla nisl tortor, sed tempus nunc eleifend lacus et justo dapibus placerat fermentum id.<\/p>\n<blockquote><p>Be who you are and say what you feel, because those who mind don\u2019t matter, and those who matter don\u2019t mind.<\/p><\/blockquote>\n<p>Maecenas est nisi, tincidunt vitae auctor eget, fringilla id lacus. <a href=\"http:\/\/optimathemes.com\">Etiam cursus<\/a>, augue sed molestie semper, augue sapien cursus ipsum, vel bibendum risus augue in lacus. Nulla non vulputate felis, eu auctor dolor. Suspendisse varius nulla porttitor pulvinar finibus. Sed gravida augue quis velit ullamcorper aliquet. Vivamus et rutrum libero, vitae commodo lacus.<\/p>\n","protected":false},"excerpt":{"rendered":"<p>Lorem ipsum dolor sit amet, consectetur adipiscing elit. In sagittis mi quam, sit amet porttitor ex blandit quis. Cras eu accumsan diam, nec efficitur nibh. Proin non arcu iaculis, imperdiet est id, auctor nulla. Maecenas consectetur id ligula vel ornare. Vivamus eleifend lacus et justo dapibus placerat. Nam efficitur hendrerit nibh, ac blandit turpis tristique quis. Nam at dignissim eros. Nullam suscipit sem ac lacus sagittis fringilla. Nulla varius scelerisque ante sed sagittis. Vivamus at nibh sit amet mi placerat porttitor. Curabitur vel nibh vitae erat tincidunt viverra. Maecenas non pellentesque turpis, quis volutpat est. Curabitur nunc mi, rhoncus sit amet iaculis et, volutpat quis ipsum. Ut fringilla nisl tortor, sed tempus nunc eleifend lacus et justo dapibus placerat fermentum id. Be who you are and say what you feel, because those who mind don\u2019t matter, and those who matter don\u2019t mind. Maecenas est nisi, tincidunt vitae auctor eget, fringilla id lacus. Etiam cursus, augue sed molestie semper, augue sapien cursus ipsum, vel bibendum risus augue in lacus. Nulla non vulputate felis, eu auctor dolor. Suspendisse varius nulla porttitor pulvinar finibus. Sed gravida augue quis velit ullamcorper aliquet. Vivamus et rutrum libero, vitae commodo lacus.<\/p>\n","protected":false},"author":1,"featured_media":0,"parent":0,"menu_order":0,"comment_status":"closed","ping_status":"closed","template":"","meta":{"footnotes":""},"class_list":["post-581","page","type-page","status-publish","hentry"],"yoast_head":"<!-- This site is optimized with the Yoast SEO plugin v27.2 - https:\/\/yoast.com\/product\/yoast-seo-wordpress\/ -->\n<title>About - Emlak Foto\u011fraf\u00e7\u0131s\u0131<\/title>\n<meta name=\"robots\" content=\"index, follow, max-snippet:-1, max-image-preview:large, max-video-preview:-1\" \/>\n<link rel=\"canonical\" href=\"https:\/\/emlakfotografcisi.com\/?page_id=581\" \/>\n<meta property=\"og:locale\" content=\"tr_TR\" \/>\n<meta property=\"og:type\" content=\"article\" \/>\n<meta property=\"og:title\" content=\"About - Emlak Foto\u011fraf\u00e7\u0131s\u0131\" \/>\n<meta property=\"og:description\" content=\"Lorem ipsum dolor sit amet, consectetur adipiscing elit. In sagittis mi quam, sit amet porttitor ex blandit quis. Cras eu accumsan diam, nec efficitur nibh. Proin non arcu iaculis, imperdiet est id, auctor nulla. Maecenas consectetur id ligula vel ornare. Vivamus eleifend lacus et justo dapibus placerat. Nam efficitur hendrerit nibh, ac blandit turpis tristique quis. Nam at dignissim eros. Nullam suscipit sem ac lacus sagittis fringilla. Nulla varius scelerisque ante sed sagittis. Vivamus at nibh sit amet mi placerat porttitor. Curabitur vel nibh vitae erat tincidunt viverra. Maecenas non pellentesque turpis, quis volutpat est. Curabitur nunc mi, rhoncus sit amet iaculis et, volutpat quis ipsum. Ut fringilla nisl tortor, sed tempus nunc eleifend lacus et justo dapibus placerat fermentum id. Be who you are and say what you feel, because those who mind don\u2019t matter, and those who matter don\u2019t mind. Maecenas est nisi, tincidunt vitae auctor eget, fringilla id lacus. Etiam cursus, augue sed molestie semper, augue sapien cursus ipsum, vel bibendum risus augue in lacus. Nulla non vulputate felis, eu auctor dolor. Suspendisse varius nulla porttitor pulvinar finibus. Sed gravida augue quis velit ullamcorper aliquet. Vivamus et rutrum libero, vitae commodo lacus.\" \/>\n<meta property=\"og:url\" content=\"https:\/\/emlakfotografcisi.com\/?page_id=581\" \/>\n<meta property=\"og:site_name\" content=\"Emlak Foto\u011fraf\u00e7\u0131s\u0131\" \/>\n<meta property=\"og:image\" content=\"https:\/\/emlakfotografcisi.com\/wp-content\/uploads\/2018\/04\/notepad-3316266_1920-1.jpg\" \/>\n\t<meta property=\"og:image:width\" content=\"1920\" \/>\n\t<meta property=\"og:image:height\" content=\"1357\" \/>\n\t<meta property=\"og:image:type\" content=\"image\/jpeg\" \/>\n<meta name=\"twitter:card\" content=\"summary_large_image\" \/>\n<meta name=\"twitter:label1\" content=\"Tahmini okuma s\u00fcresi\" \/>\n\t<meta name=\"twitter:data1\" content=\"1 dakika\" \/>\n<script type=\"application\/ld+json\" class=\"yoast-schema-graph\">{\"@context\":\"https:\/\/schema.org\",\"@graph\":[{\"@type\":\"WebPage\",\"@id\":\"https:\/\/emlakfotografcisi.com\/?page_id=581\",\"url\":\"https:\/\/emlakfotografcisi.com\/?page_id=581\",\"name\":\"About - Emlak Foto\u011fraf\u00e7\u0131s\u0131\",\"isPartOf\":{\"@id\":\"https:\/\/emlakfotografcisi.com\/#website\"},\"primaryImageOfPage\":{\"@id\":\"https:\/\/emlakfotografcisi.com\/?page_id=581#primaryimage\"},\"image\":{\"@id\":\"https:\/\/emlakfotografcisi.com\/?page_id=581#primaryimage\"},\"thumbnailUrl\":\"https:\/\/emlakfotografcisi.com\/wp-content\/uploads\/2018\/04\/notepad-3316266_1920-1-300x212.jpg\",\"datePublished\":\"2018-04-21T08:09:54+00:00\",\"breadcrumb\":{\"@id\":\"https:\/\/emlakfotografcisi.com\/?page_id=581#breadcrumb\"},\"inLanguage\":\"tr\",\"potentialAction\":[{\"@type\":\"ReadAction\",\"target\":[\"https:\/\/emlakfotografcisi.com\/?page_id=581\"]}]},{\"@type\":\"ImageObject\",\"inLanguage\":\"tr\",\"@id\":\"https:\/\/emlakfotografcisi.com\/?page_id=581#primaryimage\",\"url\":\"https:\/\/emlakfotografcisi.com\/wp-content\/uploads\/2018\/04\/notepad-3316266_1920-1.jpg\",\"contentUrl\":\"https:\/\/emlakfotografcisi.com\/wp-content\/uploads\/2018\/04\/notepad-3316266_1920-1.jpg\",\"width\":1920,\"height\":1357},{\"@type\":\"BreadcrumbList\",\"@id\":\"https:\/\/emlakfotografcisi.com\/?page_id=581#breadcrumb\",\"itemListElement\":[{\"@type\":\"ListItem\",\"position\":1,\"name\":\"Anasayfa\",\"item\":\"https:\/\/emlakfotografcisi.com\/\"},{\"@type\":\"ListItem\",\"position\":2,\"name\":\"About\"}]},{\"@type\":\"WebSite\",\"@id\":\"https:\/\/emlakfotografcisi.com\/#website\",\"url\":\"https:\/\/emlakfotografcisi.com\/\",\"name\":\"Emlak Foto\u011fraf\u00e7\u0131s\u0131\",\"description\":\"\",\"potentialAction\":[{\"@type\":\"SearchAction\",\"target\":{\"@type\":\"EntryPoint\",\"urlTemplate\":\"https:\/\/emlakfotografcisi.com\/?s={search_term_string}\"},\"query-input\":{\"@type\":\"PropertyValueSpecification\",\"valueRequired\":true,\"valueName\":\"search_term_string\"}}],\"inLanguage\":\"tr\"}]}<\/script>\n<!-- \/ Yoast SEO plugin. -->","yoast_head_json":{"title":"About - Emlak Foto\u011fraf\u00e7\u0131s\u0131","robots":{"index":"index","follow":"follow","max-snippet":"max-snippet:-1","max-image-preview":"max-image-preview:large","max-video-preview":"max-video-preview:-1"},"canonical":"https:\/\/emlakfotografcisi.com\/?page_id=581","og_locale":"tr_TR","og_type":"article","og_title":"About - Emlak Foto\u011fraf\u00e7\u0131s\u0131","og_description":"Lorem ipsum dolor sit amet, consectetur adipiscing elit. In sagittis mi quam, sit amet porttitor ex blandit quis. Cras eu accumsan diam, nec efficitur nibh. Proin non arcu iaculis, imperdiet est id, auctor nulla. Maecenas consectetur id ligula vel ornare. Vivamus eleifend lacus et justo dapibus placerat. Nam efficitur hendrerit nibh, ac blandit turpis tristique quis. Nam at dignissim eros. Nullam suscipit sem ac lacus sagittis fringilla. Nulla varius scelerisque ante sed sagittis. Vivamus at nibh sit amet mi placerat porttitor. Curabitur vel nibh vitae erat tincidunt viverra. Maecenas non pellentesque turpis, quis volutpat est. Curabitur nunc mi, rhoncus sit amet iaculis et, volutpat quis ipsum. Ut fringilla nisl tortor, sed tempus nunc eleifend lacus et justo dapibus placerat fermentum id. Be who you are and say what you feel, because those who mind don\u2019t matter, and those who matter don\u2019t mind. Maecenas est nisi, tincidunt vitae auctor eget, fringilla id lacus. Etiam cursus, augue sed molestie semper, augue sapien cursus ipsum, vel bibendum risus augue in lacus. Nulla non vulputate felis, eu auctor dolor. Suspendisse varius nulla porttitor pulvinar finibus. Sed gravida augue quis velit ullamcorper aliquet. Vivamus et rutrum libero, vitae commodo lacus.","og_url":"https:\/\/emlakfotografcisi.com\/?page_id=581","og_site_name":"Emlak Foto\u011fraf\u00e7\u0131s\u0131","og_image":[{"width":1920,"height":1357,"url":"https:\/\/emlakfotografcisi.com\/wp-content\/uploads\/2018\/04\/notepad-3316266_1920-1.jpg","type":"image\/jpeg"}],"twitter_card":"summary_large_image","twitter_misc":{"Tahmini okuma s\u00fcresi":"1 dakika"},"schema":{"@context":"https:\/\/schema.org","@graph":[{"@type":"WebPage","@id":"https:\/\/emlakfotografcisi.com\/?page_id=581","url":"https:\/\/emlakfotografcisi.com\/?page_id=581","name":"About - Emlak Foto\u011fraf\u00e7\u0131s\u0131","isPartOf":{"@id":"https:\/\/emlakfotografcisi.com\/#website"},"primaryImageOfPage":{"@id":"https:\/\/emlakfotografcisi.com\/?page_id=581#primaryimage"},"image":{"@id":"https:\/\/emlakfotografcisi.com\/?page_id=581#primaryimage"},"thumbnailUrl":"https:\/\/emlakfotografcisi.com\/wp-content\/uploads\/2018\/04\/notepad-3316266_1920-1-300x212.jpg","datePublished":"2018-04-21T08:09:54+00:00","breadcrumb":{"@id":"https:\/\/emlakfotografcisi.com\/?page_id=581#breadcrumb"},"inLanguage":"tr","potentialAction":[{"@type":"ReadAction","target":["https:\/\/emlakfotografcisi.com\/?page_id=581"]}]},{"@type":"ImageObject","inLanguage":"tr","@id":"https:\/\/emlakfotografcisi.com\/?page_id=581#primaryimage","url":"https:\/\/emlakfotografcisi.com\/wp-content\/uploads\/2018\/04\/notepad-3316266_1920-1.jpg","contentUrl":"https:\/\/emlakfotografcisi.com\/wp-content\/uploads\/2018\/04\/notepad-3316266_1920-1.jpg","width":1920,"height":1357},{"@type":"BreadcrumbList","@id":"https:\/\/emlakfotografcisi.com\/?page_id=581#breadcrumb","itemListElement":[{"@type":"ListItem","position":1,"name":"Anasayfa","item":"https:\/\/emlakfotografcisi.com\/"},{"@type":"ListItem","position":2,"name":"About"}]},{"@type":"WebSite","@id":"https:\/\/emlakfotografcisi.com\/#website","url":"https:\/\/emlakfotografcisi.com\/","name":"Emlak Foto\u011fraf\u00e7\u0131s\u0131","description":"","potentialAction":[{"@type":"SearchAction","target":{"@type":"EntryPoint","urlTemplate":"https:\/\/emlakfotografcisi.com\/?s={search_term_string}"},"query-input":{"@type":"PropertyValueSpecification","valueRequired":true,"valueName":"search_term_string"}}],"inLanguage":"tr"}]}},"_links":{"self":[{"href":"https:\/\/emlakfotografcisi.com\/index.php?rest_route=\/wp\/v2\/pages\/581","targetHints":{"allow":["GET"]}}],"collection":[{"href":"https:\/\/emlakfotografcisi.com\/index.php?rest_route=\/wp\/v2\/pages"}],"about":[{"href":"https:\/\/emlakfotografcisi.com\/index.php?rest_route=\/wp\/v2\/types\/page"}],"author":[{"embeddable":true,"href":"https:\/\/emlakfotografcisi.com\/index.php?rest_route=\/wp\/v2\/users\/1"}],"replies":[{"embeddable":true,"href":"https:\/\/emlakfotografcisi.com\/index.php?rest_route=%2Fwp%2Fv2%2Fcomments&post=581"}],"version-history":[{"count":0,"href":"https:\/\/emlakfotografcisi.com\/index.php?rest_route=\/wp\/v2\/pages\/581\/revisions"}],"wp:attachment":[{"href":"https:\/\/emlakfotografcisi.com\/index.php?rest_route=%2Fwp%2Fv2%2Fmedia&parent=581"}],"curies":[{"name":"wp","href":"https:\/\/api.w.org\/{rel}","templated":true}]}}